{"id":36,"date":"2023-03-22T12:13:36","date_gmt":"2023-03-22T11:13:36","guid":{"rendered":"https:\/\/www.jf.cz\/?page_id=36"},"modified":"2023-04-02T20:32:04","modified_gmt":"2023-04-02T18:32:04","slug":"me-knihy","status":"publish","type":"page","link":"https:\/\/www.jf.cz\/?page_id=36","title":{"rendered":"M\u00e9&nbsp;knihy"},"content":{"rendered":"\n<p class=\"has-medium-font-size\">Od roku 2018 podl\u00e9h\u00e1m spisovatelsk\u00e9mu \u0161\u00edlenstv\u00ed a tak jsem od t\u00e9 doby napsal stovky stran p\u0159\u00edb\u011bh\u016f, kter\u00e9 se odehr\u00e1vaj\u00ed ve sv\u011bt\u011b, jeho\u017e centrem (alespo\u0148 podle jeho obyvatel) je ostrov <strong>S\u00edlor<\/strong>.<\/p>\n\n\n\n<p class=\"has-white-background-color has-background has-medium-font-size\">P\u0159\u00edb\u011bhy jsou soust\u0159ed\u011bny do dvou \u0159ad, kter\u00e9 ozna\u010duji podle hlavn\u00edch hrdin\u016f.<\/p>\n\n\n\n<h2 class=\"wp-block-heading\"><strong>Vladislav<\/strong><\/h2>\n\n\n\n<p>P\u0159\u00edb\u011bhy o Vladislavovi se odehr\u00e1vaj\u00ed v 16. stolet\u00ed (po\u010d\u00edt\u00e1no od p\u0159iplut\u00ed prvn\u00edch obyvatel na S\u00edlor) na konci a po skon\u010den\u00ed tzv. \u010darod\u011bjnick\u00fdch v\u00e1lek.<\/p>\n\n\n\n<ul class=\"wp-block-list\">\n<li><strong>Ve slu\u017eb\u00e1ch kr\u00e1le<\/strong> (243 stran i s p\u0159\u00edlohami)<\/li>\n<\/ul>\n\n\n\n<p>Kr\u00e1tk\u00e9 pov\u00eddky (brzy zde budou dostupn\u00e9 pro \u010dte\u010dky v EPUB  a PDF form\u00e1tu)<\/p>\n\n\n\n<ul class=\"wp-block-list\">\n<li>Pam\u011btn\u00ed \u0161estigro\u0161 (30 stran)<\/li>\n\n\n\n<li>Pomo\u0159ansk\u00fd levobo\u010dek (st\u00e1le vznik\u00e1)<\/li>\n<\/ul>\n\n\n\n<h2 class=\"wp-block-heading\"><strong>Dalibor<\/strong><\/h2>\n\n\n\n<p>P\u0159\u00edb\u011bhy Dalibora a jeho p\u0159\u00e1tel se odehr\u00e1vaj\u00ed ve 20. a 21. stolet\u00ed na za\u010d\u00e1tku s\u00edlorsk\u00e9ho novov\u011bku.<\/p>\n\n\n\n<ul class=\"wp-block-list\">\n<li><strong>Mo\u0159sk\u00e1 V\u011b\u017e<\/strong> (cca 1200 stran) s \u010d\u00e1stmi T\u0159i \u010darod\u011bjov\u00e9, Spytihn\u011bv a Jitka, Dalibor, Kruh a Konec d\u011btstv\u00ed<\/li>\n\n\n\n<li><strong>\u017deny a mu\u017ei S\u00edloru<\/strong> (cca 390 stran) s \u010d\u00e1stmi Milenci navzdory \u010dasu, Velk\u00fd mor a P\u00e1d kr\u00e1lovstv\u00ed<\/li>\n<\/ul>\n","protected":false},"excerpt":{"rendered":"<p>Od roku 2018 podl\u00e9h\u00e1m spisovatelsk\u00e9mu \u0161\u00edlenstv\u00ed a tak jsem od t\u00e9 doby napsal stovky stran p\u0159\u00edb\u011bh\u016f, kter\u00e9 se odehr\u00e1vaj\u00ed ve sv\u011bt\u011b, jeho\u017e centrem (alespo\u0148 podle jeho obyvatel) je ostrov S\u00edlor. P\u0159\u00edb\u011bhy jsou soust\u0159ed\u011bny do dvou \u0159ad, kter\u00e9 ozna\u010duji podle hlavn\u00edch &hellip; <a href=\"https:\/\/www.jf.cz\/?page_id=36\">Cel\u00fd p\u0159\u00edsp\u011bvek <span class=\"meta-nav\">&rarr;<\/span><\/a><\/p>\n","protected":false},"author":1,"featured_media":0,"parent":0,"menu_order":0,"comment_status":"closed","ping_status":"closed","template":"","meta":{"footnotes":""},"class_list":["post-36","page","type-page","status-publish","hentry"],"_links":{"self":[{"href":"https:\/\/www.jf.cz\/index.php?rest_route=\/wp\/v2\/pages\/36","targetHints":{"allow":["GET"]}}],"collection":[{"href":"https:\/\/www.jf.cz\/index.php?rest_route=\/wp\/v2\/pages"}],"about":[{"href":"https:\/\/www.jf.cz\/index.php?rest_route=\/wp\/v2\/types\/page"}],"author":[{"embeddable":true,"href":"https:\/\/www.jf.cz\/index.php?rest_route=\/wp\/v2\/users\/1"}],"replies":[{"embeddable":true,"href":"https:\/\/www.jf.cz\/index.php?rest_route=%2Fwp%2Fv2%2Fcomments&post=36"}],"version-history":[{"count":9,"href":"https:\/\/www.jf.cz\/index.php?rest_route=\/wp\/v2\/pages\/36\/revisions"}],"predecessor-version":[{"id":64,"href":"https:\/\/www.jf.cz\/index.php?rest_route=\/wp\/v2\/pages\/36\/revisions\/64"}],"wp:attachment":[{"href":"https:\/\/www.jf.cz\/index.php?rest_route=%2Fwp%2Fv2%2Fmedia&parent=36"}],"curies":[{"name":"wp","href":"https:\/\/api.w.org\/{rel}","templated":true}]}}